{"id":762,"date":"2023-10-09T17:47:41","date_gmt":"2023-10-09T17:47:41","guid":{"rendered":"https:\/\/bitrader.thetork.com\/?page_id=762"},"modified":"2025-01-16T10:23:40","modified_gmt":"2025-01-16T10:23:40","slug":"our-team","status":"publish","type":"page","link":"https:\/\/teamprime.io\/sv\/our-team\/","title":{"rendered":"Our Team"},"content":{"rendered":"<div data-elementor-type=\"wp-page\" data-elementor-id=\"762\" class=\"elementor elementor-762\" data-elementor-post-type=\"page\">\n\t\t\t\t<div class=\"elementor-element elementor-element-d004cc2 bg-color e-flex e-con-boxed wpr-particle-no wpr-jarallax-no wpr-parallax-no wpr-sticky-section-no e-con e-parent\" data-id=\"d004cc2\" data-element_type=\"container\">\n\t\t\t\t\t<div class=\"e-con-inner\">\n\t\t<div class=\"elementor-element elementor-element-553fa06 e-flex e-con-boxed wpr-particle-no wpr-jarallax-no wpr-parallax-no wpr-sticky-section-no e-con e-child\" data-id=\"553fa06\" data-element_type=\"container\">\n\t\t\t\t\t<div class=\"e-con-inner\">\n\t\t\t\t<div class=\"elementor-element elementor-element-b6ac306 elementor-widget elementor-widget-tg-heading\" data-id=\"b6ac306\" data-element_type=\"widget\" data-widget_type=\"tg-heading.default\">\n\t\t\t\t<div class=\"elementor-widget-container\">\n\t\t\t\t\t\r\n        <div class=\"section-title\">\r\n            <h2 class=\"title\">M\u00f6t v\u00e5r <span>R\u00e5dgivare<\/span><\/h2>        <\/div>\r\n\r\n\t\t\t\t<\/div>\n\t\t\t\t<\/div>\n\t\t\t\t<div class=\"elementor-element elementor-element-d451866 elementor-widget elementor-widget-heading\" data-id=\"d451866\" data-element_type=\"widget\" data-widget_type=\"heading.default\">\n\t\t\t\t<div class=\"elementor-widget-container\">\n\t\t\t\t\t<p class=\"elementor-heading-title elementor-size-default\">Hej allihopa, tr\u00e4ffa v\u00e5ra fantastiska r\u00e5dgivare! De finns h\u00e4r f\u00f6r att hj\u00e4lpa och v\u00e4gleda oss genom allt.<\/p>\t\t\t\t<\/div>\n\t\t\t\t<\/div>\n\t\t\t\t\t<\/div>\n\t\t\t\t<\/div>\n\t\t\t\t<div class=\"elementor-element elementor-element-0725a13 elementor-widget elementor-widget-tg-team\" data-id=\"0725a13\" data-element_type=\"widget\" data-widget_type=\"tg-team.default\">\n\t\t\t\t<div class=\"elementor-widget-container\">\n\t\t\t\t\t\r\n        <script>\r\n            jQuery(document).ready(function($) {\r\n\r\n                AOS.init();\r\n\r\n            });\r\n        <\/script>\r\n\r\n        <!-- style 2 -->\r\n        \r\n            <div class=\"team__wrapper\">\r\n                <div class=\"row g-4 align-items-center\">\r\n                                    <\/div>\r\n            <\/div>\r\n        \r\n\t\t\t\t<\/div>\n\t\t\t\t<\/div>\n\t\t\t\t\t<\/div>\n\t\t\t\t<\/div>\n\t\t<div class=\"elementor-element elementor-element-ac333b8 e-flex e-con-boxed wpr-particle-no wpr-jarallax-no wpr-parallax-no wpr-sticky-section-no e-con e-parent\" data-id=\"ac333b8\" data-element_type=\"container\" data-settings=\"{&quot;background_background&quot;:&quot;classic&quot;}\">\n\t\t\t\t\t<div class=\"e-con-inner\">\n\t\t<div class=\"elementor-element elementor-element-5262476 e-flex e-con-boxed wpr-particle-no wpr-jarallax-no wpr-parallax-no wpr-sticky-section-no e-con e-child\" data-id=\"5262476\" data-element_type=\"container\" data-settings=\"{&quot;background_background&quot;:&quot;classic&quot;}\">\n\t\t\t\t\t<div class=\"e-con-inner\">\n\t\t<div class=\"elementor-element elementor-element-e8d61a2 e-con-full e-flex wpr-particle-no wpr-jarallax-no wpr-parallax-no wpr-sticky-section-no e-con e-child\" data-id=\"e8d61a2\" data-element_type=\"container\" data-settings=\"{&quot;background_background&quot;:&quot;classic&quot;}\">\n\t\t<div class=\"elementor-element elementor-element-1782975 e-con-full e-flex wpr-particle-no wpr-jarallax-no wpr-parallax-no wpr-sticky-section-no e-con e-child\" data-id=\"1782975\" data-element_type=\"container\">\n\t\t\t\t<div class=\"elementor-element elementor-element-bb38188 cta__thumb elementor-widget elementor-widget-image\" data-id=\"bb38188\" data-element_type=\"widget\" data-widget_type=\"image.default\">\n\t\t\t\t<div class=\"elementor-widget-container\">\n\t\t\t\t\t\t\t\t\t\t\t\t\t\t\t<img fetchpriority=\"high\" decoding=\"async\" width=\"244\" height=\"235\" src=\"https:\/\/teamprime.io\/wp-content\/uploads\/2023\/10\/cta-2.png\" class=\"attachment-full size-full wp-image-312\" alt=\"\" \/>\t\t\t\t\t\t\t\t\t\t\t\t\t\t\t<\/div>\n\t\t\t\t<\/div>\n\t\t\t\t<\/div>\n\t\t<div class=\"elementor-element elementor-element-450d4fd e-flex e-con-boxed wpr-particle-no wpr-jarallax-no wpr-parallax-no wpr-sticky-section-no e-con e-child\" data-id=\"450d4fd\" data-element_type=\"container\">\n\t\t\t\t\t<div class=\"e-con-inner\">\n\t\t\t\t<div class=\"elementor-element elementor-element-362e699 elementor-widget elementor-widget-tg-heading\" data-id=\"362e699\" data-element_type=\"widget\" data-widget_type=\"tg-heading.default\">\n\t\t\t\t<div class=\"elementor-widget-container\">\n\t\t\t\t\t\r\n        <div class=\"section-title\">\r\n            <h2 class=\"title\"><span style=\"color: #0A4FD5\">Prenumerera<\/span> V\u00e5ra nyheter<\/h2>        <\/div>\r\n\r\n\t\t\t\t<\/div>\n\t\t\t\t<\/div>\n\t\t\t\t<div class=\"elementor-element elementor-element-3722f28 elementor-widget elementor-widget-heading\" data-id=\"3722f28\" data-element_type=\"widget\" data-widget_type=\"heading.default\">\n\t\t\t\t<div class=\"elementor-widget-container\">\n\t\t\t\t\t<p class=\"elementor-heading-title elementor-size-default\">Hej! \u00c4r du tr\u00f6tt p\u00e5 att missa v\u00e5ra uppdateringar? Prenumerera p\u00e5 v\u00e5ra nyheter nu och h\u00e5ll dig uppdaterad!<\/p>\t\t\t\t<\/div>\n\t\t\t\t<\/div>\n\t\t\t\t<div class=\"elementor-element elementor-element-ddd58db text-center elementor-widget elementor-widget-shortcode\" data-id=\"ddd58db\" data-element_type=\"widget\" data-widget_type=\"shortcode.default\">\n\t\t\t\t<div class=\"elementor-widget-container\">\n\t\t\t\t\t\t\t<div class=\"elementor-shortcode\"><script>(function() {\n\twindow.mc4wp = window.mc4wp || {\n\t\tlisteners: [],\n\t\tforms: {\n\t\t\ton: function(evt, cb) {\n\t\t\t\twindow.mc4wp.listeners.push(\n\t\t\t\t\t{\n\t\t\t\t\t\tevent   : evt,\n\t\t\t\t\t\tcallback: cb\n\t\t\t\t\t}\n\t\t\t\t);\n\t\t\t}\n\t\t}\n\t}\n})();\n<\/script><!-- Mailchimp for WordPress v4.10.0 - https:\/\/wordpress.org\/plugins\/mailchimp-for-wp\/ --><form id=\"mc4wp-form-1\" class=\"mc4wp-form mc4wp-form-329\" method=\"post\" data-id=\"329\" data-name=\"Newsletter Form\" action=\"\" ><div class=\"mc4wp-form-fields\"><div class=\"cta-form cta-form--style2 form-subscribe\">\r\n    <div class=\"cta-form__inner d-sm-flex align-items-center\">\r\n        <input type=\"email\" class=\"form-control form-control--style2 mb-3 mb-sm-0\" name=\"EMAIL\" placeholder=\"E-postadress\" required \/>\r\n        <button class=\"trk-btn  trk-btn--large trk-btn--secondary2\" type=\"submit\">\u00d6verl\u00e4mna<\/button>\r\n    <\/div>\r\n<\/div><\/div><label style=\"display: none !important;\">L\u00e5t detta f\u00e4lt vara tomt om du \u00e4r m\u00e4nniska: <input type=\"text\" name=\"_mc4wp_honeypot\" value=\"\" tabindex=\"-1\" autocomplete=\"off\" \/><\/label><input type=\"hidden\" name=\"_mc4wp_timestamp\" value=\"1775279316\" \/><input type=\"hidden\" name=\"_mc4wp_form_id\" value=\"329\" \/><input type=\"hidden\" name=\"_mc4wp_form_element_id\" value=\"mc4wp-form-1\" \/><div class=\"mc4wp-response\"><\/div><input type=\"hidden\" name=\"trp-form-language\" value=\"sv\"\/><\/form><!-- \/ Mailchimp for WordPress Plugin --><\/div>\n\t\t\t\t\t\t<\/div>\n\t\t\t\t<\/div>\n\t\t\t\t\t<\/div>\n\t\t\t\t<\/div>\n\t\t\t\t<\/div>\n\t\t\t\t<div class=\"elementor-element elementor-element-19579fe elementor-widget__width-auto elementor-absolute bit_rotate_animation elementor-widget elementor-widget-image\" data-id=\"19579fe\" data-element_type=\"widget\" data-settings=\"{&quot;_position&quot;:&quot;absolute&quot;}\" data-widget_type=\"image.default\">\n\t\t\t\t<div class=\"elementor-widget-container\">\n\t\t\t\t\t\t\t\t\t\t\t\t\t\t\t<img decoding=\"async\" width=\"65\" height=\"65\" src=\"https:\/\/teamprime.io\/wp-content\/uploads\/2023\/10\/cta_shape1-2.png\" class=\"attachment-full size-full wp-image-341\" alt=\"\" \/>\t\t\t\t\t\t\t\t\t\t\t\t\t\t\t<\/div>\n\t\t\t\t<\/div>\n\t\t\t\t<div class=\"elementor-element elementor-element-dde5c63 elementor-widget__width-auto elementor-absolute upAndDown_animation elementor-widget elementor-widget-image\" data-id=\"dde5c63\" data-element_type=\"widget\" data-settings=\"{&quot;_position&quot;:&quot;absolute&quot;}\" data-widget_type=\"image.default\">\n\t\t\t\t<div class=\"elementor-widget-container\">\n\t\t\t\t\t\t\t\t\t\t\t\t\t\t\t<img decoding=\"async\" width=\"106\" height=\"106\" src=\"https:\/\/teamprime.io\/wp-content\/uploads\/2023\/10\/shape01-2.png\" class=\"attachment-full size-full wp-image-238\" alt=\"\" srcset=\"https:\/\/teamprime.io\/wp-content\/uploads\/2023\/10\/shape01-2.png 106w, https:\/\/teamprime.io\/wp-content\/uploads\/2023\/10\/shape01-2-100x100.png 100w\" sizes=\"(max-width: 106px) 100vw, 106px\" \/>\t\t\t\t\t\t\t\t\t\t\t\t\t\t\t<\/div>\n\t\t\t\t<\/div>\n\t\t\t\t\t<\/div>\n\t\t\t\t<\/div>\n\t\t\t\t\t<\/div>\n\t\t\t\t<\/div>\n\t\t\t\t<\/div>","protected":false},"excerpt":{"rendered":"<p>Meet Our Advisers Hey everyone, meet our amazing advisers! They&#8217;re here to help and guide us through anything. Dianne Russell Trade Captain Theresa Webb Strategic Advisor Courtney Henry Management Consultant Albert Flores Development Specialist Darrell Steward Growth Strategist Wade Warren Trade Consultant Cody Fisher HR Consultant Bessie Cooper Financial Advisor Subscribe Our News Hey! Are you tired of missing out on our updates? Subscribe to our news now and stay in the loop!<\/p>","protected":false},"author":1,"featured_media":0,"parent":0,"menu_order":0,"comment_status":"closed","ping_status":"closed","template":"elementor_header_footer","meta":{"_acf_changed":false,"footnotes":""},"class_list":["post-762","page","type-page","status-publish","hentry"],"acf":[],"_links":{"self":[{"href":"https:\/\/teamprime.io\/sv\/wp-json\/wp\/v2\/pages\/762","targetHints":{"allow":["GET"]}}],"collection":[{"href":"https:\/\/teamprime.io\/sv\/wp-json\/wp\/v2\/pages"}],"about":[{"href":"https:\/\/teamprime.io\/sv\/wp-json\/wp\/v2\/types\/page"}],"author":[{"embeddable":true,"href":"https:\/\/teamprime.io\/sv\/wp-json\/wp\/v2\/users\/1"}],"replies":[{"embeddable":true,"href":"https:\/\/teamprime.io\/sv\/wp-json\/wp\/v2\/comments?post=762"}],"version-history":[{"count":1,"href":"https:\/\/teamprime.io\/sv\/wp-json\/wp\/v2\/pages\/762\/revisions"}],"predecessor-version":[{"id":1059,"href":"https:\/\/teamprime.io\/sv\/wp-json\/wp\/v2\/pages\/762\/revisions\/1059"}],"wp:attachment":[{"href":"https:\/\/teamprime.io\/sv\/wp-json\/wp\/v2\/media?parent=762"}],"curies":[{"name":"wp","href":"https:\/\/api.w.org\/{rel}","templated":true}]}}